{"id":2340,"date":"2021-04-03T16:41:23","date_gmt":"2021-04-03T19:41:23","guid":{"rendered":"https:\/\/www.almek.com.br\/?page_id=2340"},"modified":"2021-04-08T09:19:34","modified_gmt":"2021-04-08T12:19:34","slug":"curiosidades","status":"publish","type":"page","link":"https:\/\/www.almek.com.br\/index.php\/curiosidades\/","title":{"rendered":"Voc\u00ea Sabia?"},"content":{"rendered":"<p>[vc_row css=&#8221;.vc_custom_1615060755556{padding-top: 0px !important;padding-bottom: 0px !important;background-color: #111111 !important;}&#8221;][vc_column width=&#8221;1\/2&#8243; animate=&#8221;fadeinup&#8221; el_class=&#8221;container-4&#8243;][vc_column_text css=&#8221;.vc_custom_1617479054847{margin-top: 100px !important;}&#8221;]<\/p>\n<h2>ShowRoom<\/h2>\n<p style=\"text-align: justify;\">A Almek tem mais de 2.500m2 de Showw Room, divididos em 4 andares, e \u00e9 a \u00fanica loja do pa\u00eds que cabe toda popula\u00e7\u00e3o da cidade e ainda sobra espa\u00e7o.<\/p>\n<p>[\/vc_column_text][\/vc_column][vc_column width=&#8221;1\/2&#8243;][vc_single_image image=&#8221;2339&#8243; img_size=&#8221;1080&#215;804&#8243; css=&#8221;.vc_custom_1617478989517{margin-bottom: 0px !important;padding-bottom: 0px !important;}&#8221;][\/vc_column][\/vc_row][vc_row fullwidth=&#8221;yes&#8221; css=&#8221;.vc_custom_1615062587494{padding-top: 0px !important;padding-bottom: 0px !important;background-color: #a5a5a5 !important;}&#8221; el_class=&#8221;call-to-action bg-color text-center&#8221;][vc_column width=&#8221;2\/3&#8243;][vc_column_text css=&#8221;.vc_custom_1617480474220{margin-top: 0px !important;margin-left: 80px !important;padding-top: 40px !important;padding-left: 80px !important;}&#8221;]<\/p>\n<h1>FICOU CURIOSO?<\/h1>\n<p>[\/vc_column_text][\/vc_column][vc_column width=&#8221;1\/3&#8243;]\t\t\t\n\t<!-- Element: OT Button --> \n\t\t\t<a href=\"#contato\" target=\"_self\" class=\"btn btn-line-black btn-big vc_custom_1617480538617 \">FALE CONOSCO<\/a>\n\t    \n[\/vc_column][\/vc_row][vc_row css=&#8221;.vc_custom_1617481351270{margin-top: 0px !important;margin-bottom: 0px !important;padding-top: 100px !important;padding-bottom: 0px !important;background-color: #111111 !important;}&#8221;][vc_column width=&#8221;1\/2&#8243; animate=&#8221;fadeinup&#8221; el_class=&#8221;container-4&#8243;][vc_single_image image=&#8221;2375&#8243; img_size=&#8221;320&#215;240&#8243; css=&#8221;.vc_custom_1617884295446{margin-bottom: 0px !important;padding-bottom: 0px !important;}&#8221;][\/vc_column][vc_column width=&#8221;1\/2&#8243;][vc_column_text css=&#8221;.vc_custom_1617884372018{margin-top: 20px !important;}&#8221;]<\/p>\n<h2>Boa Sorte<\/h2>\n<p style=\"text-align: justify;\">A localiza\u00e7\u00e3o da Almek \u00e9 em Boa Sorte, 5\u2070 distrito do munic\u00edpio de Cantagalo, no estado do RJ, e tem apenas 2000 habitantes<\/p>\n<p style=\"text-align: justify;\">O nome Boa Sorte, est\u00e1 ligado diretamente ao per\u00edodo do ciclo do ouro no final do S\u00e9culo 18, onde o aventureiro M\u00e3o de Luva e seu bando garimpavam ilegalmente, e desejava Boa Sorte no garimpo a todos os integrantes do seu bando.<\/p>\n<p>[\/vc_column_text][\/vc_column][\/vc_row][vc_row fullwidth=&#8221;yes&#8221; css=&#8221;.vc_custom_1615062587494{padding-top: 0px !important;padding-bottom: 0px !important;background-color: #a5a5a5 !important;}&#8221; el_class=&#8221;call-to-action bg-color text-center&#8221;][vc_column width=&#8221;2\/3&#8243;][vc_column_text css=&#8221;.vc_custom_1617480474220{margin-top: 0px !important;margin-left: 80px !important;padding-top: 40px !important;padding-left: 80px !important;}&#8221;]<\/p>\n<h1>FICOU CURIOSO?<\/h1>\n<p>[\/vc_column_text][\/vc_column][vc_column width=&#8221;1\/3&#8243;]\t\t\t\n\t<!-- Element: OT Button --> \n\t\t\t<a href=\"#contato\" target=\"_self\" class=\"btn btn-line-black btn-big vc_custom_1617480538617 \">FALE CONOSCO<\/a>\n\t    \n[\/vc_column][\/vc_row][vc_row css=&#8221;.vc_custom_1617481362152{padding-top: 100px !important;padding-bottom: 0px !important;background-color: #111111 !important;}&#8221;][vc_column width=&#8221;1\/2&#8243; animate=&#8221;fadeinup&#8221; el_class=&#8221;container-4&#8243;][vc_column_text css=&#8221;.vc_custom_1617480668921{margin-top: 100px !important;}&#8221;]<\/p>\n<h2>MANGUEIRA CENTEN\u00c1RIA<\/h2>\n<p style=\"text-align: justify;\">No interior da loja, encontra-se uma mangueira centen\u00e1ria que \u00e9 poss\u00edvel colher mangas do elevador.<\/p>\n<p>[\/vc_column_text][\/vc_column][vc_column width=&#8221;1\/2&#8243;][vc_single_image image=&#8221;2354&#8243; img_size=&#8221;1080&#215;804&#8243; css=&#8221;.vc_custom_1617480943327{margin-bottom: 0px !important;padding-bottom: 0px !important;}&#8221;][\/vc_column][\/vc_row][vc_row fullwidth=&#8221;yes&#8221; css=&#8221;.vc_custom_1615062587494{padding-top: 0px !important;padding-bottom: 0px !important;background-color: #a5a5a5 !important;}&#8221; el_class=&#8221;call-to-action bg-color text-center&#8221;][vc_column width=&#8221;2\/3&#8243;][vc_column_text css=&#8221;.vc_custom_1617480474220{margin-top: 0px !important;margin-left: 80px !important;padding-top: 40px !important;padding-left: 80px !important;}&#8221;]<\/p>\n<h1>FICOU CURIOSO?<\/h1>\n<p>[\/vc_column_text][\/vc_column][vc_column width=&#8221;1\/3&#8243;]\t\t\t\n\t<!-- Element: OT Button --> \n\t\t\t<a href=\"#contato\" target=\"_self\" class=\"btn btn-line-black btn-big vc_custom_1617480538617 \">FALE CONOSCO<\/a>\n\t    \n[\/vc_column][\/vc_row][vc_row css=&#8221;.vc_custom_1617481397963{padding-top: 100px !important;padding-bottom: 0px !important;background-color: #111111 !important;}&#8221;][vc_column width=&#8221;1\/2&#8243; animate=&#8221;fadeinup&#8221; el_class=&#8221;container-4&#8243;][vc_single_image image=&#8221;2093&#8243; img_size=&#8221;1080&#215;804&#8243; css=&#8221;.vc_custom_1617481167893{margin-bottom: 0px !important;padding-bottom: 0px !important;}&#8221;][\/vc_column][vc_column width=&#8221;1\/2&#8243;][vc_column_text css=&#8221;.vc_custom_1617481125577{margin-top: 100px !important;}&#8221;]<\/p>\n<h2>PROJETO E ESPA\u00c7O CULTURAL<\/h2>\n<p style=\"text-align: justify;\">Temos um espa\u00e7o Cultural no interior da loja, que conta a hist\u00f3ria da empresa, da cidade e de toda Regi\u00e3o serrana do estado do RJ, com muitos objetos de \u00e9poca, e at\u00e9 um piano de calda que foi importado direto da Fran\u00e7a pela Fam\u00edlia Monerat no ano de 1867.<\/p>\n<p style=\"text-align: justify;\">Junto com espa\u00e7o cultural, desenvolvemos um projeto s\u00f3cio cultural, chamado Caminhos do Imperador, um passeio que acontece sempre no primeiro s\u00e1bado do m\u00eas, onde os visitantes conhecem o percurso que o Imperador D.Pedro II e a Fam\u00edlia imperial, fizeram quando vinham visitar as fazendas de caf\u00e9 de nossa Regi\u00e3o.<\/p>\n<p>[\/vc_column_text][\/vc_column][\/vc_row][vc_row fullwidth=&#8221;yes&#8221; css=&#8221;.vc_custom_1615062587494{padding-top: 0px !important;padding-bottom: 0px !important;background-color: #a5a5a5 !important;}&#8221; el_class=&#8221;call-to-action bg-color text-center&#8221;][vc_column width=&#8221;2\/3&#8243;][vc_column_text css=&#8221;.vc_custom_1617480474220{margin-top: 0px !important;margin-left: 80px !important;padding-top: 40px !important;padding-left: 80px !important;}&#8221;]<\/p>\n<h1>FICOU CURIOSO?<\/h1>\n<p>[\/vc_column_text][\/vc_column][vc_column width=&#8221;1\/3&#8243;]\t\t\t\n\t<!-- Element: OT Button --> \n\t\t\t<a href=\"#contato\" target=\"_self\" class=\"btn btn-line-black btn-big vc_custom_1617480538617 \">FALE CONOSCO<\/a>\n\t    \n[\/vc_column][\/vc_row][vc_row css=&#8221;.vc_custom_1617480529142{padding-top: 90px !important;padding-bottom: 90px !important;background-color: #111111 !important;background-position: center !important;background-repeat: no-repeat !important;background-size: cover !important;}&#8221; el_class=&#8221;bg-fixed&#8221; el_id=&#8221;contato&#8221;][vc_column animate=&#8221;fadeinup&#8221;]\n\t<!-- Element: OT Heading --> \t \n\t<h1 class=\"ot_custom_heading  \" style=\"text-align: center;color: #ffffff;\" >FALE CONOSCO<\/h1>\t\n\t<!-- Element: OT Line solid --> \t \n\t<div class=\" separator \"><span><i class=\"fa fa-circle\"><\/i><\/span><\/div>\n\t<div class=\"spacer-single\"><\/div>\t      \n[\/vc_column][vc_column]<div role=\"form\" class=\"wpcf7\" id=\"wpcf7-f283-o1\" lang=\"en-US\" dir=\"ltr\">\n<div class=\"screen-reader-response\"><p role=\"status\" aria-live=\"polite\" aria-atomic=\"true\"><\/p> <ul><\/ul><\/div>\n<form action=\"\/index.php\/wp-json\/wp\/v2\/pages\/2340#wpcf7-f283-o1\" method=\"post\" class=\"wpcf7-form init\" novalidate=\"novalidate\" data-status=\"init\">\n<div style=\"display: none;\">\n<input type=\"hidden\" name=\"_wpcf7\" value=\"283\" \/>\n<input type=\"hidden\" name=\"_wpcf7_version\" value=\"5.4\" \/>\n<input type=\"hidden\" name=\"_wpcf7_locale\" value=\"en_US\" \/>\n<input type=\"hidden\" name=\"_wpcf7_unit_tag\" value=\"wpcf7-f283-o1\" \/>\n<input type=\"hidden\" name=\"_wpcf7_container_post\" value=\"0\" \/>\n<input type=\"hidden\" name=\"_wpcf7_posted_data_hash\" value=\"\" \/>\n<\/div>\n<div class=\"row\">\n<div class=\"col-md-4\">\n<div><span class=\"wpcf7-form-control-wrap your-name\"><input type=\"text\" name=\"your-name\" value=\"\" size=\"40\" class=\"wpcf7-form-control wpcf7-text wpcf7-validates-as-required\" aria-required=\"true\" aria-invalid=\"false\" placeholder=\"Nome de Contato\" \/><\/span> <\/div>\n<div><span class=\"wpcf7-form-control-wrap your-email\"><input type=\"email\" name=\"your-email\" value=\"\" size=\"40\" class=\"wpcf7-form-control wpcf7-text wpcf7-email wpcf7-validates-as-required wpcf7-validates-as-email\" aria-required=\"true\" aria-invalid=\"false\" placeholder=\"Email de Contato\" \/><\/span> <\/div>\n<div><span class=\"wpcf7-form-control-wrap your-phone\"><input type=\"tel\" name=\"your-phone\" value=\"\" size=\"40\" class=\"wpcf7-form-control wpcf7-text wpcf7-tel wpcf7-validates-as-required wpcf7-validates-as-tel\" aria-required=\"true\" aria-invalid=\"false\" placeholder=\"Telefone de Contato\" \/><\/span><\/div>\n<\/div>\n<div class=\"col-md-8\">\n<div><span class=\"wpcf7-form-control-wrap your-message\"><textarea name=\"your-message\" cols=\"40\" rows=\"10\" class=\"wpcf7-form-control wpcf7-textarea wpcf7-validates-as-required\" aria-required=\"true\" aria-invalid=\"false\" placeholder=\"Mensagem\"><\/textarea><\/span><\/div>\n<\/div>\n<div class=\"col-md-12\">\n<p id=\"submit\"><input type=\"submit\" value=\"Enviar\" class=\"wpcf7-form-control wpcf7-submit btn btn-line\" \/><\/p>\n<\/div>\n<\/div>\n<div class=\"wpcf7-response-output\" aria-hidden=\"true\"><\/div><\/form><\/div>[\/vc_column][\/vc_row]<\/p>\n","protected":false},"excerpt":{"rendered":"<p>[vc_row css=&#8221;.vc_custom_1615060755556{padding-top: 0px !important;padding-bottom: 0px !important;background-color: #111111 !important;}&#8221;][vc_column width=&#8221;1\/2&#8243; animate=&#8221;fadeinup&#8221; el_class=&#8221;container-4&#8243;][vc_column_text css=&#8221;.vc_custom_1617479054847{margin-top: 100px !important;}&#8221;] ShowRoom A Almek tem mais de 2.500m2 de Showw Room, divididos em 4 andares, e \u00e9 a \u00fanica loja do pa\u00eds que cabe toda popula\u00e7\u00e3o da cidade e ainda sobra espa\u00e7o. [\/vc_column_text][\/vc_column][vc_column width=&#8221;1\/2&#8243;][vc_single_image image=&#8221;2339&#8243; img_size=&#8221;1080&#215;804&#8243; css=&#8221;.vc_custom_1617478989517{margin-bottom: 0px !important;padding-bottom: 0px !important;}&#8221;][\/vc_column][\/vc_row][vc_row fullwidth=&#8221;yes&#8221; [&hellip;]<\/p>\n","protected":false},"author":1,"featured_media":0,"parent":0,"menu_order":0,"comment_status":"open","ping_status":"open","template":"page-templates\/template-fullwidth.php","meta":{"footnotes":""},"class_list":["post-2340","page","type-page","status-publish","hentry"],"_links":{"self":[{"href":"https:\/\/www.almek.com.br\/index.php\/wp-json\/wp\/v2\/pages\/2340","targetHints":{"allow":["GET"]}}],"collection":[{"href":"https:\/\/www.almek.com.br\/index.php\/wp-json\/wp\/v2\/pages"}],"about":[{"href":"https:\/\/www.almek.com.br\/index.php\/wp-json\/wp\/v2\/types\/page"}],"author":[{"embeddable":true,"href":"https:\/\/www.almek.com.br\/index.php\/wp-json\/wp\/v2\/users\/1"}],"replies":[{"embeddable":true,"href":"https:\/\/www.almek.com.br\/index.php\/wp-json\/wp\/v2\/comments?post=2340"}],"version-history":[{"count":25,"href":"https:\/\/www.almek.com.br\/index.php\/wp-json\/wp\/v2\/pages\/2340\/revisions"}],"predecessor-version":[{"id":2380,"href":"https:\/\/www.almek.com.br\/index.php\/wp-json\/wp\/v2\/pages\/2340\/revisions\/2380"}],"wp:attachment":[{"href":"https:\/\/www.almek.com.br\/index.php\/wp-json\/wp\/v2\/media?parent=2340"}],"curies":[{"name":"wp","href":"https:\/\/api.w.org\/{rel}","templated":true}]}}