{"id":915,"date":"2016-01-28T09:47:30","date_gmt":"2016-01-28T09:47:30","guid":{"rendered":"http:\/\/demo.oceanthemes.net\/archi\/?page_id=915"},"modified":"2021-03-27T10:52:29","modified_gmt":"2021-03-27T13:52:29","slug":"revistas","status":"publish","type":"page","link":"https:\/\/www.almek.com.br\/index.php\/revistas\/","title":{"rendered":"Revistas Almek"},"content":{"rendered":"<p>[vc_row css=&#8221;.vc_custom_1453975727142{padding-top: 90px !important;padding-bottom: 30px !important;}&#8221;][vc_column]<!-- Element: OT Services Grid -->\n<div id=\"services-masonry\" class=\"masonry row service-grid\">\n\t\n\t<div class=\"col-md-4 item\">\n\t\t\n\t\t\t\t\t\n\t\t\t<h3><a href=\"https:\/\/www.almek.com.br\/index.php\/service\/edicao-01-2021\/\">Edicao 01-2021<\/a><\/h3>\n\t\t\t<div class=\"service-excerpt\"><p>Veja alguns Banheiros para voc\u00ea se inspirar e ter uma \u00e1rea de Bem estar \u00fanica e agrad\u00e1vel, que voc\u00ea possa se renovar, compartilhando Bem estar pra sua fam\u00edlia e amigos<\/p>\n<\/div>\n\t\t\t\t\t\t\t<div class=\"spacer-single-10\"><\/div>\n\t\t        <a href=\"https:\/\/www.almek.com.br\/index.php\/service\/edicao-01-2021\/\"><img loading=\"lazy\" decoding=\"async\" width=\"1240\" height=\"1754\" src=\"https:\/\/www.almek.com.br\/wp-content\/uploads\/2021\/03\/EDICAO-01-2021.jpg\" class=\"img-responsive wp-post-image\" alt=\"\" srcset=\"https:\/\/www.almek.com.br\/wp-content\/uploads\/2021\/03\/EDICAO-01-2021.jpg 1240w, https:\/\/www.almek.com.br\/wp-content\/uploads\/2021\/03\/EDICAO-01-2021-212x300.jpg 212w, https:\/\/www.almek.com.br\/wp-content\/uploads\/2021\/03\/EDICAO-01-2021-724x1024.jpg 724w, https:\/\/www.almek.com.br\/wp-content\/uploads\/2021\/03\/EDICAO-01-2021-768x1086.jpg 768w, https:\/\/www.almek.com.br\/wp-content\/uploads\/2021\/03\/EDICAO-01-2021-1086x1536.jpg 1086w\" sizes=\"auto, (max-width: 1240px) 100vw, 1240px\" title=\"EDICAO 01-2021\" \/><\/a>\n\t\t\t\t\t\t\t\t\t\t<div class=\"spacer-single\"><\/div>\t\t\t\n\t\t\t\t<a href=\"https:\/\/www.almek.com.br\/index.php\/service\/edicao-01-2021\/\" class=\"btn-line btn-fullwidth\">LEIA AGORA<\/a>\t\t\n\t\t\t\n\t\t\n\t<\/div>\n\n\t\n\t<div class=\"col-md-4 item\">\n\t\t\n\t\t\t\t\t\n\t\t\t<h3><a href=\"https:\/\/www.almek.com.br\/index.php\/service\/edicao-03-2020\/\">Edicao 03-2020<\/a><\/h3>\n\t\t\t<div class=\"service-excerpt\"><p>Veja alguns espa\u00e7os externos para voc\u00ea se inspirar e ter uma \u00e1rea de conviv\u00eancia \u00fanica e agrad\u00e1vel, que voc\u00ea possa se renovar e compartilhar com amigos e familiares.<\/p>\n<\/div>\n\t\t\t\t\t\t\t<div class=\"spacer-single-10\"><\/div>\n\t\t        <a href=\"https:\/\/www.almek.com.br\/index.php\/service\/edicao-03-2020\/\"><img loading=\"lazy\" decoding=\"async\" width=\"1240\" height=\"1754\" src=\"https:\/\/www.almek.com.br\/wp-content\/uploads\/2021\/03\/EDICAO-03-2020-DEZ.jpg\" class=\"img-responsive wp-post-image\" alt=\"\" srcset=\"https:\/\/www.almek.com.br\/wp-content\/uploads\/2021\/03\/EDICAO-03-2020-DEZ.jpg 1240w, https:\/\/www.almek.com.br\/wp-content\/uploads\/2021\/03\/EDICAO-03-2020-DEZ-212x300.jpg 212w, https:\/\/www.almek.com.br\/wp-content\/uploads\/2021\/03\/EDICAO-03-2020-DEZ-724x1024.jpg 724w, https:\/\/www.almek.com.br\/wp-content\/uploads\/2021\/03\/EDICAO-03-2020-DEZ-768x1086.jpg 768w, https:\/\/www.almek.com.br\/wp-content\/uploads\/2021\/03\/EDICAO-03-2020-DEZ-1086x1536.jpg 1086w\" sizes=\"auto, (max-width: 1240px) 100vw, 1240px\" title=\"EDICAO 03-2020-DEZ\" \/><\/a>\n\t\t\t\t\t\t\t\t\t\t<div class=\"spacer-single\"><\/div>\t\t\t\n\t\t\t\t<a href=\"https:\/\/www.almek.com.br\/index.php\/service\/edicao-03-2020\/\" class=\"btn-line btn-fullwidth\">LEIA AGORA<\/a>\t\t\n\t\t\t\n\t\t\n\t<\/div>\n\n\t\n\t<div class=\"col-md-4 item\">\n\t\t\n\t\t\t\t\t\n\t\t\t<h3><a href=\"https:\/\/www.almek.com.br\/index.php\/service\/edicao-02-2020\/\">Edicao 02-2020<\/a><\/h3>\n\t\t\t<div class=\"service-excerpt\"><p>Veja alguns espa\u00e7os para voc\u00ea se inspirar e ter uma sala de estar aconchegante, transforme sua casa em per\u00edodos de pandemia de uma forma que ficar em casa n\u00e3o seja um esfor\u00e7o e sim um prazer.<\/p>\n<\/div>\n\t\t\t\t\t\t\t<div class=\"spacer-single-10\"><\/div>\n\t\t        <a href=\"https:\/\/www.almek.com.br\/index.php\/service\/edicao-02-2020\/\"><img loading=\"lazy\" decoding=\"async\" width=\"1240\" height=\"1754\" src=\"https:\/\/www.almek.com.br\/wp-content\/uploads\/2021\/03\/EDICAO-02-2020-JUL-AGO-SET.jpg\" class=\"img-responsive wp-post-image\" alt=\"\" srcset=\"https:\/\/www.almek.com.br\/wp-content\/uploads\/2021\/03\/EDICAO-02-2020-JUL-AGO-SET.jpg 1240w, https:\/\/www.almek.com.br\/wp-content\/uploads\/2021\/03\/EDICAO-02-2020-JUL-AGO-SET-212x300.jpg 212w, https:\/\/www.almek.com.br\/wp-content\/uploads\/2021\/03\/EDICAO-02-2020-JUL-AGO-SET-724x1024.jpg 724w, https:\/\/www.almek.com.br\/wp-content\/uploads\/2021\/03\/EDICAO-02-2020-JUL-AGO-SET-768x1086.jpg 768w, https:\/\/www.almek.com.br\/wp-content\/uploads\/2021\/03\/EDICAO-02-2020-JUL-AGO-SET-1086x1536.jpg 1086w\" sizes=\"auto, (max-width: 1240px) 100vw, 1240px\" title=\"EDICAO 02-2020-JUL-AGO-SET\" \/><\/a>\n\t\t\t\t\t\t\t\t\t\t<div class=\"spacer-single\"><\/div>\t\t\t\n\t\t\t\t<a href=\"https:\/\/www.almek.com.br\/index.php\/service\/edicao-02-2020\/\" class=\"btn-line btn-fullwidth\">LEIA AGORA<\/a>\t\t\n\t\t\t\n\t\t\n\t<\/div>\n\n\t\n\t<div class=\"col-md-4 item\">\n\t\t\n\t\t\t\t\t\n\t\t\t<h3><a href=\"https:\/\/www.almek.com.br\/index.php\/service\/edicao-01-2020\/\">Edicao 01-2020<\/a><\/h3>\n\t\t\t<div class=\"service-excerpt\"><p>Veja alguns espa\u00e7os para que voc\u00ea possa relaxar ap\u00f3s uma longa jornada de Trabalho, desfrute, vislumbre e tenha id\u00e9ias criativas para fazer de seu banheiro um local para cuidar do seu bem estar.<\/p>\n<\/div>\n\t\t\t\t\t\t\t<div class=\"spacer-single-10\"><\/div>\n\t\t        <a href=\"https:\/\/www.almek.com.br\/index.php\/service\/edicao-01-2020\/\"><img loading=\"lazy\" decoding=\"async\" width=\"1240\" height=\"1754\" src=\"https:\/\/www.almek.com.br\/wp-content\/uploads\/2021\/03\/EDICAO-01-2020-JAN-FEV-MAR.jpg\" class=\"img-responsive wp-post-image\" alt=\"\" srcset=\"https:\/\/www.almek.com.br\/wp-content\/uploads\/2021\/03\/EDICAO-01-2020-JAN-FEV-MAR.jpg 1240w, https:\/\/www.almek.com.br\/wp-content\/uploads\/2021\/03\/EDICAO-01-2020-JAN-FEV-MAR-212x300.jpg 212w, https:\/\/www.almek.com.br\/wp-content\/uploads\/2021\/03\/EDICAO-01-2020-JAN-FEV-MAR-724x1024.jpg 724w, https:\/\/www.almek.com.br\/wp-content\/uploads\/2021\/03\/EDICAO-01-2020-JAN-FEV-MAR-768x1086.jpg 768w, https:\/\/www.almek.com.br\/wp-content\/uploads\/2021\/03\/EDICAO-01-2020-JAN-FEV-MAR-1086x1536.jpg 1086w\" sizes=\"auto, (max-width: 1240px) 100vw, 1240px\" title=\"EDICAO 01-2020-JAN-FEV-MAR\" \/><\/a>\n\t\t\t\t\t\t\t\t\t\t<div class=\"spacer-single\"><\/div>\t\t\t\n\t\t\t\t<a href=\"https:\/\/www.almek.com.br\/index.php\/service\/edicao-01-2020\/\" class=\"btn-line btn-fullwidth\">LEIA AGORA<\/a>\t\t\n\t\t\t\n\t\t\n\t<\/div>\n\n\t\n\t<div class=\"col-md-4 item\">\n\t\t\n\t\t\t\t\t\n\t\t\t<h3><a href=\"https:\/\/www.almek.com.br\/index.php\/service\/edicao-03-2019\/\">Edicao 03-2019<\/a><\/h3>\n\t\t\t<div class=\"service-excerpt\"><p>Veja alguns espa\u00e7os externos para voc\u00ea se inspirar e ter uma \u00e1rea externa \u00fanica, agrad\u00e1vel onde voc\u00ea possa relaxar, se renovar e se conectar com a natureza, aproveita-la compartilhando com sua fam\u00edlia e amigos.<\/p>\n<\/div>\n\t\t\t\t\t\t\t<div class=\"spacer-single-10\"><\/div>\n\t\t        <a href=\"https:\/\/www.almek.com.br\/index.php\/service\/edicao-03-2019\/\"><img loading=\"lazy\" decoding=\"async\" width=\"1240\" height=\"1754\" src=\"https:\/\/www.almek.com.br\/wp-content\/uploads\/2021\/03\/EDICAO-03-2019-JUL-AGO-SET.jpg\" class=\"img-responsive wp-post-image\" alt=\"\" srcset=\"https:\/\/www.almek.com.br\/wp-content\/uploads\/2021\/03\/EDICAO-03-2019-JUL-AGO-SET.jpg 1240w, https:\/\/www.almek.com.br\/wp-content\/uploads\/2021\/03\/EDICAO-03-2019-JUL-AGO-SET-212x300.jpg 212w, https:\/\/www.almek.com.br\/wp-content\/uploads\/2021\/03\/EDICAO-03-2019-JUL-AGO-SET-724x1024.jpg 724w, https:\/\/www.almek.com.br\/wp-content\/uploads\/2021\/03\/EDICAO-03-2019-JUL-AGO-SET-768x1086.jpg 768w, https:\/\/www.almek.com.br\/wp-content\/uploads\/2021\/03\/EDICAO-03-2019-JUL-AGO-SET-1086x1536.jpg 1086w\" sizes=\"auto, (max-width: 1240px) 100vw, 1240px\" title=\"EDICAO 03- 2019 - JUL-AGO-SET\" \/><\/a>\n\t\t\t\t\t\t\t\t\t\t<div class=\"spacer-single\"><\/div>\t\t\t\n\t\t\t\t<a href=\"https:\/\/www.almek.com.br\/index.php\/service\/edicao-03-2019\/\" class=\"btn-line btn-fullwidth\">LEIA AGORA<\/a>\t\t\n\t\t\t\n\t\t\n\t<\/div>\n\n\t\n\t<div class=\"col-md-4 item\">\n\t\t\n\t\t\t\t\t\n\t\t\t<h3><a href=\"https:\/\/www.almek.com.br\/index.php\/service\/edicao-02-2019\/\">Edicao 02-2019<\/a><\/h3>\n\t\t\t<div class=\"service-excerpt\"><p>Veja alguns espa\u00e7os para que voc\u00ea se inspire em ter um ambiente agrad\u00e1vel, criar boas recorda\u00e7\u00f5es, reunir seus amigos, familiares, receber visitas e curtir sua vida, e arejar sua mente.<\/p>\n<\/div>\n\t\t\t\t\t\t\t<div class=\"spacer-single-10\"><\/div>\n\t\t        <a href=\"https:\/\/www.almek.com.br\/index.php\/service\/edicao-02-2019\/\"><img loading=\"lazy\" decoding=\"async\" width=\"1240\" height=\"1754\" src=\"https:\/\/www.almek.com.br\/wp-content\/uploads\/2021\/03\/EDICAO-02-2019-ABR-MAI-JUN.jpg\" class=\"img-responsive wp-post-image\" alt=\"\" srcset=\"https:\/\/www.almek.com.br\/wp-content\/uploads\/2021\/03\/EDICAO-02-2019-ABR-MAI-JUN.jpg 1240w, https:\/\/www.almek.com.br\/wp-content\/uploads\/2021\/03\/EDICAO-02-2019-ABR-MAI-JUN-212x300.jpg 212w, https:\/\/www.almek.com.br\/wp-content\/uploads\/2021\/03\/EDICAO-02-2019-ABR-MAI-JUN-724x1024.jpg 724w, https:\/\/www.almek.com.br\/wp-content\/uploads\/2021\/03\/EDICAO-02-2019-ABR-MAI-JUN-768x1086.jpg 768w, https:\/\/www.almek.com.br\/wp-content\/uploads\/2021\/03\/EDICAO-02-2019-ABR-MAI-JUN-1086x1536.jpg 1086w\" sizes=\"auto, (max-width: 1240px) 100vw, 1240px\" title=\"EDICAO 02 - 2019 - ABR-MAI-JUN\" \/><\/a>\n\t\t\t\t\t\t\t\t\t\t<div class=\"spacer-single\"><\/div>\t\t\t\n\t\t\t\t<a href=\"https:\/\/www.almek.com.br\/index.php\/service\/edicao-02-2019\/\" class=\"btn-line btn-fullwidth\">LEIA AGORA<\/a>\t\t\n\t\t\t\n\t\t\n\t<\/div>\n\n\t\n\t<div class=\"col-md-4 item\">\n\t\t\n\t\t\t\t\t\n\t\t\t<h3><a href=\"https:\/\/www.almek.com.br\/index.php\/service\/edicao-03-2020-2\/\">Edicao 04-2018<\/a><\/h3>\n\t\t\t<div class=\"service-excerpt\"><p>Veja algumas cozinhas que separamos para que possa te inspirar na decora\u00e7\u00e3o da sua, veja como \u00e9 poss\u00edvel transformar este espa\u00e7o em um lugar bonito e agrad\u00e1vel para compartilhar experi\u00eancias \u00fanicas.<\/p>\n<\/div>\n\t\t\t\t\t\t\t<div class=\"spacer-single-10\"><\/div>\n\t\t        <a href=\"https:\/\/www.almek.com.br\/index.php\/service\/edicao-03-2020-2\/\"><img loading=\"lazy\" decoding=\"async\" width=\"1240\" height=\"1754\" src=\"https:\/\/www.almek.com.br\/wp-content\/uploads\/2021\/03\/EDICAO-04-2018-OUT-NOV-DEZ.jpg\" class=\"img-responsive wp-post-image\" alt=\"\" srcset=\"https:\/\/www.almek.com.br\/wp-content\/uploads\/2021\/03\/EDICAO-04-2018-OUT-NOV-DEZ.jpg 1240w, https:\/\/www.almek.com.br\/wp-content\/uploads\/2021\/03\/EDICAO-04-2018-OUT-NOV-DEZ-212x300.jpg 212w, https:\/\/www.almek.com.br\/wp-content\/uploads\/2021\/03\/EDICAO-04-2018-OUT-NOV-DEZ-724x1024.jpg 724w, https:\/\/www.almek.com.br\/wp-content\/uploads\/2021\/03\/EDICAO-04-2018-OUT-NOV-DEZ-768x1086.jpg 768w, https:\/\/www.almek.com.br\/wp-content\/uploads\/2021\/03\/EDICAO-04-2018-OUT-NOV-DEZ-1086x1536.jpg 1086w\" sizes=\"auto, (max-width: 1240px) 100vw, 1240px\" title=\"EDICAO 04-2018-OUT-NOV-DEZ\" \/><\/a>\n\t\t\t\t\t\t\t\t\t\t<div class=\"spacer-single\"><\/div>\t\t\t\n\t\t\t\t<a href=\"https:\/\/www.almek.com.br\/index.php\/service\/edicao-03-2020-2\/\" class=\"btn-line btn-fullwidth\">LEIA AGORA<\/a>\t\t\n\t\t\t\n\t\t\n\t<\/div>\n\n\t\t\n<\/div>\t\n\n[\/vc_column][\/vc_row]<\/p>\n","protected":false},"excerpt":{"rendered":"<p>[vc_row css=&#8221;.vc_custom_1453975727142{padding-top: 90px !important;padding-bottom: 30px !important;}&#8221;][vc_column][\/vc_column][\/vc_row]<\/p>\n","protected":false},"author":1,"featured_media":0,"parent":0,"menu_order":0,"comment_status":"closed","ping_status":"closed","template":"page-templates\/template-fullwidth.php","meta":{"footnotes":""},"class_list":["post-915","page","type-page","status-publish","hentry"],"_links":{"self":[{"href":"https:\/\/www.almek.com.br\/index.php\/wp-json\/wp\/v2\/pages\/915","targetHints":{"allow":["GET"]}}],"collection":[{"href":"https:\/\/www.almek.com.br\/index.php\/wp-json\/wp\/v2\/pages"}],"about":[{"href":"https:\/\/www.almek.com.br\/index.php\/wp-json\/wp\/v2\/types\/page"}],"author":[{"embeddable":true,"href":"https:\/\/www.almek.com.br\/index.php\/wp-json\/wp\/v2\/users\/1"}],"replies":[{"embeddable":true,"href":"https:\/\/www.almek.com.br\/index.php\/wp-json\/wp\/v2\/comments?post=915"}],"version-history":[{"count":7,"href":"https:\/\/www.almek.com.br\/index.php\/wp-json\/wp\/v2\/pages\/915\/revisions"}],"predecessor-version":[{"id":2289,"href":"https:\/\/www.almek.com.br\/index.php\/wp-json\/wp\/v2\/pages\/915\/revisions\/2289"}],"wp:attachment":[{"href":"https:\/\/www.almek.com.br\/index.php\/wp-json\/wp\/v2\/media?parent=915"}],"curies":[{"name":"wp","href":"https:\/\/api.w.org\/{rel}","templated":true}]}}